{"id":90,"date":"2025-07-02T06:32:06","date_gmt":"2025-07-02T06:32:06","guid":{"rendered":"https:\/\/baufromania.ro\/?page_id=90"},"modified":"2025-07-03T12:25:19","modified_gmt":"2025-07-03T12:25:19","slug":"aer-conditionat-bauf-alpenluft-12000btu","status":"publish","type":"page","link":"https:\/\/baufromania.ro\/?page_id=90","title":{"rendered":"Aer condi\u021bionat BAUF Alpenluft 12000BTU"},"content":{"rendered":"\t\t<div data-elementor-type=\"wp-page\" data-elementor-id=\"90\" class=\"elementor elementor-90\" data-elementor-post-type=\"page\">\n\t\t\t\t<div class=\"elementor-element elementor-element-0f9618a e-flex e-con-boxed e-con e-parent\" data-id=\"0f9618a\" data-element_type=\"container\">\n\t\t\t\t\t<div class=\"e-con-inner\">\n\t\t\t\t<div class=\"elementor-element elementor-element-e5ca178 elementor-widget elementor-widget-heading\" data-id=\"e5ca178\" data-element_type=\"widget\" data-widget_type=\"heading.default\">\n\t\t\t\t<div class=\"elementor-widget-container\">\n\t\t\t\t\t<h2 class=\"elementor-heading-title elementor-size-default\">Aer condi\u021bionat BAUF Alpenluft BRAC-SP-IA-12-R3, 12000 BTU, Wi-Fi, A++<\/h2>\t\t\t\t<\/div>\n\t\t\t\t<\/div>\n\t\t\t\t\t<\/div>\n\t\t\t\t<\/div>\n\t\t<div class=\"elementor-element elementor-element-3f86274 e-flex e-con-boxed e-con e-parent\" data-id=\"3f86274\" data-element_type=\"container\">\n\t\t\t\t\t<div class=\"e-con-inner\">\n\t\t<div class=\"elementor-element elementor-element-557efda e-con-full e-flex e-con e-child\" data-id=\"557efda\" data-element_type=\"container\">\n\t\t\t\t<div class=\"elementor-element elementor-element-898b20c elementor-widget elementor-widget-image\" data-id=\"898b20c\" data-element_type=\"widget\" data-widget_type=\"image.default\">\n\t\t\t\t<div class=\"elementor-widget-container\">\n\t\t\t\t\t\t\t\t\t\t\t\t\t\t\t<img fetchpriority=\"high\" decoding=\"async\" width=\"768\" height=\"768\" src=\"https:\/\/baufromania.ro\/wp-content\/uploads\/2025\/07\/imagine_2025-07-02_093312700.png\" class=\"attachment-large size-large wp-image-98\" alt=\"\" srcset=\"https:\/\/baufromania.ro\/wp-content\/uploads\/2025\/07\/imagine_2025-07-02_093312700.png 768w, https:\/\/baufromania.ro\/wp-content\/uploads\/2025\/07\/imagine_2025-07-02_093312700-300x300.png 300w, https:\/\/baufromania.ro\/wp-content\/uploads\/2025\/07\/imagine_2025-07-02_093312700-150x150.png 150w\" sizes=\"(max-width: 768px) 100vw, 768px\" \/>\t\t\t\t\t\t\t\t\t\t\t\t\t\t\t<\/div>\n\t\t\t\t<\/div>\n\t\t\t\t<\/div>\n\t\t<div class=\"elementor-element elementor-element-f6ee793 e-con-full e-flex e-con e-child\" data-id=\"f6ee793\" data-element_type=\"container\">\n\t\t\t\t<div class=\"elementor-element elementor-element-6f058ec elementor-widget elementor-widget-text-editor\" data-id=\"6f058ec\" data-element_type=\"widget\" data-widget_type=\"text-editor.default\">\n\t\t\t\t<div class=\"elementor-widget-container\">\n\t\t\t\t\t\t\t\t\t<p data-end=\"768\" data-start=\"629\">R\u0103cire eficient\u0103, Wi-Fi inteligent, clas\u0103 energetic\u0103 A++ \u0219i func\u021bionare stabil\u0103 \u00een orice sezon. Model 12000 BTU cu livrare rapid\u0103 din stoc.<\/p><p data-end=\"862\" data-start=\"804\"><strong data-end=\"862\" data-start=\"804\">Distribuitor oficial BAUF \u00een Rom\u00e2nia \u2013 doar pe Zyro.ro<\/strong><\/p><p data-end=\"1199\" data-start=\"864\">Alege confortul pe care te po\u021bi baza, cu noul\u00a0<strong data-end=\"961\" data-start=\"910\">aer condi\u021bionat BAUF Alpenluft BRAC-SP-IA-12-R3<\/strong>, ideal pentru spa\u021bii de p\u00e2n\u0103 la 35 m\u00b2.<br data-end=\"1003\" data-start=\"1000\" \/>Proiectat cu grij\u0103 pentru performan\u021b\u0103 \u0219i durabilitate, acest model \u00ee\u021bi ofer\u0103\u00a0<strong data-end=\"1097\" data-start=\"1080\">eficien\u021b\u0103 A++<\/strong>, control de la distan\u021b\u0103 prin Wi-Fi \u0219i func\u021bii inteligente pentru climatizare optim\u0103 \u00een orice anotimp.<\/p><hr data-end=\"1204\" data-start=\"1201\" \/><h3 data-end=\"1233\" data-start=\"1206\">\u00a0Beneficii esen\u021biale:<\/h3><ul data-end=\"1607\" data-start=\"1235\"><li data-end=\"1311\" data-start=\"1235\"><p data-end=\"1311\" data-start=\"1237\"><strong data-end=\"1250\" data-start=\"1237\">12000 BTU<\/strong>\u00a0\u2013 ideal pentru camere medii (buc\u0103t\u0103rii, dormitoare, birouri)<\/p><\/li><li data-end=\"1368\" data-start=\"1312\"><p data-end=\"1368\" data-start=\"1314\"><strong data-end=\"1332\" data-start=\"1314\">Wi-Fi integrat<\/strong>\u00a0\u2013 controlezi temperatura de oriunde<\/p><\/li><li data-end=\"1430\" data-start=\"1369\"><p data-end=\"1430\" data-start=\"1371\"><strong data-end=\"1393\" data-start=\"1371\">Eficien\u021b\u0103 ridicat\u0103<\/strong>\u00a0\u2013 SEER 7 \/ SCOP 4.1 \u2192 costuri reduse<\/p><\/li><li data-end=\"1474\" data-start=\"1431\"><p data-end=\"1474\" data-start=\"1433\"><strong data-end=\"1458\" data-start=\"1433\">Nivel redus de zgomot<\/strong>\u00a0\u2013 doar 53 dB(A)<\/p><\/li><li data-end=\"1538\" data-start=\"1475\"><p data-end=\"1538\" data-start=\"1477\"><strong data-end=\"1510\" data-start=\"1477\">Func\u021bionare stabil\u0103 \u0219i sigur\u0103<\/strong>\u00a0\u2013 alimentare 220\u2013240V, 50Hz<\/p><\/li><li data-end=\"1607\" data-start=\"1539\"><p data-end=\"1607\" data-start=\"1541\"><strong data-end=\"1561\" data-start=\"1541\">Garan\u021bie extins\u0103<\/strong>\u00a0\u2013 7 ani pentru compresor, 5 ani pentru produCaracteristici tehnice\u00a0<\/p><\/li><\/ul>\t\t\t\t\t\t\t\t<\/div>\n\t\t\t\t<\/div>\n\t\t\t\t<\/div>\n\t\t\t\t\t<\/div>\n\t\t\t\t<\/div>\n\t\t<div class=\"elementor-element elementor-element-9f9a7d5 e-flex e-con-boxed e-con e-parent\" data-id=\"9f9a7d5\" data-element_type=\"container\">\n\t\t\t\t\t<div class=\"e-con-inner\">\n\t\t\t\t<div class=\"elementor-element elementor-element-f32551a elementor-widget elementor-widget-text-editor\" data-id=\"f32551a\" data-element_type=\"widget\" data-widget_type=\"text-editor.default\">\n\t\t\t\t<div class=\"elementor-widget-container\">\n\t\t\t\t\t\t\t\t\t<table data-end=\"3329\" data-start=\"1654\"><thead data-end=\"1742\" data-start=\"1654\"><tr data-end=\"1742\" data-start=\"1654\"><th data-col-size=\"sm\" data-end=\"1693\" data-start=\"1654\">Caracteristic\u0103<\/th><th data-col-size=\"md\" data-end=\"1742\" data-start=\"1693\">Valoare<\/th><\/tr><\/thead><tbody data-end=\"3329\" data-start=\"1831\"><tr data-end=\"1918\" data-start=\"1831\"><td data-col-size=\"sm\" data-end=\"1869\" data-start=\"1831\">Model<\/td><td data-col-size=\"md\" data-end=\"1918\" data-start=\"1869\">BRAC-SP-IA-12-R3<\/td><\/tr><tr data-end=\"2007\" data-start=\"1919\"><td data-col-size=\"sm\" data-end=\"1957\" data-start=\"1919\">Capacitate r\u0103cire<\/td><td data-col-size=\"md\" data-end=\"2007\" data-start=\"1957\">3.5 kW (0.80\u20134.10)<\/td><\/tr><tr data-end=\"2096\" data-start=\"2008\"><td data-col-size=\"sm\" data-end=\"2046\" data-start=\"2008\">Capacitate \u00eenc\u0103lzire<\/td><td data-col-size=\"md\" data-end=\"2096\" data-start=\"2046\">3.8 kW (1.00\u20134.20)<\/td><\/tr><tr data-end=\"2184\" data-start=\"2097\"><td data-col-size=\"sm\" data-end=\"2135\" data-start=\"2097\">SEER \/ SCOP<\/td><td data-col-size=\"md\" data-end=\"2184\" data-start=\"2135\">7 \/ 4.1<\/td><\/tr><tr data-end=\"2272\" data-start=\"2185\"><td data-col-size=\"sm\" data-end=\"2223\" data-start=\"2185\">Clasa energetic\u0103<\/td><td data-col-size=\"md\" data-end=\"2272\" data-start=\"2223\">A++<\/td><\/tr><tr data-end=\"2360\" data-start=\"2273\"><td data-col-size=\"sm\" data-end=\"2311\" data-start=\"2273\">Nivel zgomot unitate interioar\u0103<\/td><td data-col-size=\"md\" data-end=\"2360\" data-start=\"2311\">53 dB(A)<\/td><\/tr><tr data-end=\"2448\" data-start=\"2361\"><td data-col-size=\"sm\" data-end=\"2399\" data-start=\"2361\">Circula\u021bie aer r\u0103cire<\/td><td data-col-size=\"md\" data-end=\"2448\" data-start=\"2399\">650\/570\/515\/460 m\u00b3\/h<\/td><\/tr><tr data-end=\"2536\" data-start=\"2449\"><td data-col-size=\"sm\" data-end=\"2487\" data-start=\"2449\">Circula\u021bie aer \u00eenc\u0103lzire<\/td><td data-col-size=\"md\" data-end=\"2536\" data-start=\"2487\">650\/600\/530\/460 m\u00b3\/h<\/td><\/tr><tr data-end=\"2624\" data-start=\"2537\"><td data-col-size=\"sm\" data-end=\"2575\" data-start=\"2537\">Alimentare<\/td><td data-col-size=\"md\" data-end=\"2624\" data-start=\"2575\">220\u2013240V, 50Hz<\/td><\/tr><tr data-end=\"2712\" data-start=\"2625\"><td data-col-size=\"sm\" data-end=\"2663\" data-start=\"2625\">Refrigerant<\/td><td data-col-size=\"md\" data-end=\"2712\" data-start=\"2663\">R32 \u2013 0.6 kg<\/td><\/tr><tr data-end=\"2801\" data-start=\"2713\"><td data-col-size=\"sm\" data-end=\"2751\" data-start=\"2713\">Conducte conectare (lichid\/gaz)<\/td><td data-col-size=\"md\" data-end=\"2801\" data-start=\"2751\">1\/4\u201d \/ 3\/8\u201d<\/td><\/tr><tr data-end=\"2889\" data-start=\"2802\"><td data-col-size=\"sm\" data-end=\"2840\" data-start=\"2802\">Lungime max. conducte<\/td><td data-col-size=\"md\" data-end=\"2889\" data-start=\"2840\">20 m<\/td><\/tr><tr data-end=\"2977\" data-start=\"2890\"><td data-col-size=\"sm\" data-end=\"2928\" data-start=\"2890\">Dimensiuni unitate interioar\u0103<\/td><td data-col-size=\"md\" data-end=\"2977\" data-start=\"2928\">768 x 290 x 201 mm<\/td><\/tr><tr data-end=\"3065\" data-start=\"2978\"><td data-col-size=\"sm\" data-end=\"3016\" data-start=\"2978\">Dimensiuni unitate exterioar\u0103<\/td><td data-col-size=\"md\" data-end=\"3065\" data-start=\"3016\">708 x 530 x 258 mm<\/td><\/tr><tr data-end=\"3153\" data-start=\"3066\"><td data-col-size=\"sm\" data-end=\"3104\" data-start=\"3066\">Greutate (interior\/exterior)<\/td><td data-col-size=\"md\" data-end=\"3153\" data-start=\"3104\">8 kg \/ 22 kg<\/td><\/tr><tr data-end=\"3241\" data-start=\"3154\"><td data-col-size=\"sm\" data-end=\"3192\" data-start=\"3154\">Func\u021bii speciale<\/td><td data-col-size=\"md\" data-end=\"3241\" data-start=\"3192\">Wi-Fi, autodiagnosticare, restart automat<\/td><\/tr><tr data-end=\"3329\" data-start=\"3242\"><td data-col-size=\"sm\" data-end=\"3280\" data-start=\"3242\">Garan\u021bie<\/td><td data-col-size=\"md\" data-end=\"3329\" data-start=\"3280\">7 ani compresor \/ 5 ani produs<\/td><\/tr><\/tbody><\/table>\t\t\t\t\t\t\t\t<\/div>\n\t\t\t\t<\/div>\n\t\t\t\t\t<\/div>\n\t\t\t\t<\/div>\n\t\t<div class=\"elementor-element elementor-element-63ea281 e-flex e-con-boxed e-con e-parent\" data-id=\"63ea281\" data-element_type=\"container\">\n\t\t\t\t\t<div class=\"e-con-inner\">\n\t\t<div class=\"elementor-element elementor-element-e32ca92 e-con-full e-flex e-con e-child\" data-id=\"e32ca92\" data-element_type=\"container\">\n\t\t\t\t<div class=\"elementor-element elementor-element-8f6e2af elementor-widget elementor-widget-text-editor\" data-id=\"8f6e2af\" data-element_type=\"widget\" data-widget_type=\"text-editor.default\">\n\t\t\t\t<div class=\"elementor-widget-container\">\n\t\t\t\t\t\t\t\t\t<p>Garan\u021bie &#8211; <a href=\"https:\/\/baufromania.ro\/wp-content\/uploads\/2025\/07\/Warranty-card-1.pdf\">Descarca<\/a><\/p><p>Manual Utilizare &#8211; <a href=\"https:\/\/baufromania.ro\/wp-content\/uploads\/2025\/07\/Manual-de-utilizare-BAUF-Alpenluft.pdf\">Descarca<\/a><\/p>\t\t\t\t\t\t\t\t<\/div>\n\t\t\t\t<\/div>\n\t\t\t\t<\/div>\n\t\t\t\t\t<\/div>\n\t\t\t\t<\/div>\n\t\t<div class=\"elementor-element elementor-element-95f91f1 e-flex e-con-boxed e-con e-parent\" data-id=\"95f91f1\" data-element_type=\"container\">\n\t\t\t\t\t<div class=\"e-con-inner\">\n\t\t\t\t<div class=\"elementor-element elementor-element-f1537f1 elementor-widget elementor-widget-text-editor\" data-id=\"f1537f1\" data-element_type=\"widget\" data-widget_type=\"text-editor.default\">\n\t\t\t\t<div class=\"elementor-widget-container\">\n\t\t\t\t\t\t\t\t\t<h3 data-end=\"87\" data-start=\"69\">Tarife livrare<\/h3><p data-end=\"168\" data-start=\"89\">Livr\u0103rile sunt efectuate prin\u00a0<strong data-end=\"134\" data-start=\"119\">FAN Courier<\/strong>, conform op\u021biunii de distribu\u021bie:<\/p><h4 data-end=\"213\" data-start=\"170\">1.\u00a0<strong data-end=\"213\" data-start=\"178\">Standard (colete p\u00e2n\u0103 la 30 kg)<\/strong><\/h4><ul data-end=\"438\" data-start=\"215\"><li data-end=\"324\" data-start=\"215\"><p data-end=\"242\" data-start=\"217\"><strong data-end=\"239\" data-start=\"217\">Distribu\u021bie Local\u0103<\/strong>:<\/p><ul data-end=\"324\" data-start=\"245\"><li data-end=\"279\" data-start=\"245\"><p data-end=\"279\" data-start=\"247\">Primul kilogram:\u00a0<strong data-end=\"277\" data-start=\"264\">15.00 lei<\/strong><\/p><\/li><li data-end=\"324\" data-start=\"282\"><p data-end=\"324\" data-start=\"284\">Fiecare kilogram adi\u021bional:\u00a0<strong data-end=\"324\" data-start=\"312\">1.80 lei<\/strong><\/p><\/li><\/ul><\/li><li data-end=\"438\" data-start=\"326\"><p data-end=\"356\" data-start=\"328\"><strong data-end=\"353\" data-start=\"328\">Distribu\u021bie Na\u021bional\u0103<\/strong>:<\/p><ul data-end=\"438\" data-start=\"359\"><li data-end=\"393\" data-start=\"359\"><p data-end=\"393\" data-start=\"361\">Primul kilogram:\u00a0<strong data-end=\"391\" data-start=\"378\">20.00 lei<\/strong><\/p><\/li><li data-end=\"438\" data-start=\"396\"><p data-end=\"438\" data-start=\"398\">Fiecare kilogram adi\u021bional:\u00a0<strong data-end=\"438\" data-start=\"426\">1.80 lei<\/strong><\/p><\/li><\/ul><\/li><\/ul><h4 data-end=\"498\" data-start=\"440\">2.\u00a0<strong data-end=\"498\" data-start=\"448\">Transport rutier de marf\u0103 (colete peste 30 kg)<\/strong><\/h4><ul data-end=\"640\" data-start=\"500\"><li data-end=\"640\" data-start=\"500\"><p data-end=\"640\" data-start=\"502\">Se aplic\u0103 tariful standard +\u00a0<strong data-end=\"546\" data-start=\"531\">3.50 lei\/kg<\/strong>\u00a0pentru fiecare kilogram ce dep\u0103\u0219e\u0219te 30 kg, at\u00e2t pentru distribu\u021bia local\u0103, c\u00e2t \u0219i na\u021bional\u0103.<\/p><\/li><\/ul><blockquote data-end=\"915\" data-start=\"642\"><p data-end=\"915\" data-start=\"644\"><strong data-end=\"672\" data-start=\"644\">Informa\u021bii suplimentare:<\/strong><br data-end=\"675\" data-start=\"672\" \/>Costul livr\u0103rii\u00a0<strong data-end=\"732\" data-start=\"693\">nu este inclus \u00een pre\u021bul produselor<\/strong>\u00a0\u0219i este\u00a0<strong data-end=\"781\" data-start=\"741\">calculat separat de c\u0103tre un manager<\/strong>\u00a0\u00een func\u021bie de greutatea total\u0103 \u0219i loca\u021bia de livrare. Clientul va fi informat despre costul exact\u00a0<strong data-end=\"914\" data-start=\"880\">\u00eenainte de expedierea comenzii<\/strong>.<\/p><\/blockquote><hr \/><h6><strong>LIVRAREA PRODUSELOR<\/strong><\/h6><p>Produsele achizi\u021bionate de pe site vor fi livrate doar pe teritoriul Rom\u00e2niei prin intermediul re\u021belei de curierat rapid\u00a0<strong>FAN COURIER<\/strong>.<br \/>Termenul de livrare a produselor din stoc este de\u00a0<strong>1-3 zile<\/strong>, socotit de la data confirm\u0103rii comenzii dvs. Acest termen este orientativ, el put\u00e2nd fi modificat din motive independente de voin\u021ba noastr\u0103.<br \/>\u00cen cazul \u00een care unul sau mai multe produse comandate nu se afl\u0103 pe stoc \u0219i trebuie livrat de la colaboratorii no\u0219tri, termenul de livrare este \u00eentre\u00a0<strong>5-7 zile calendaristice<\/strong>. Pentru toate aceste detalii ve\u021bi fi \u00een\u0219tiin\u021bat telefonic sau prin e-mail. \u00cen cazul produselor care nu se afl\u0103 pe stoc, produse speciale, sau a comenzilor mari, termenul de livrare poate cre\u0219te p\u00e2n\u0103 la\u00a0<strong>3 s\u0103pt\u0103m\u00e2ni<\/strong>.<br \/>Produsele se livreaz\u0103 \u00een limita stocului disponibil!<\/p><h6><strong>MODALIT\u0102\u021aI DE PLAT\u0102<\/strong><\/h6><ol><li><p><strong>Numerar sau card (la livrare)<\/strong><\/p><ul><li>Plata se poate face \u00een numerar sau cu cardul direct curierului la momentul livr\u0103rii coletului.<\/li><\/ul><\/li><li><p><strong>Online (pe site)<\/strong><\/p><ul><li>Plata se poate efectua rapid \u0219i \u00een siguran\u021b\u0103 online, direct pe site, folosind cardul bancar.<\/li><\/ul><\/li><\/ol>\t\t\t\t\t\t\t\t<\/div>\n\t\t\t\t<\/div>\n\t\t\t\t\t<\/div>\n\t\t\t\t<\/div>\n\t\t<div class=\"elementor-element elementor-element-831d2ba e-flex e-con-boxed e-con e-parent\" data-id=\"831d2ba\" data-element_type=\"container\">\n\t\t\t\t\t<div class=\"e-con-inner\">\n\t\t\t\t<div class=\"elementor-element elementor-element-ab097fb elementor-button-align-stretch elementor-widget elementor-widget-form\" data-id=\"ab097fb\" data-element_type=\"widget\" data-settings=\"{&quot;step_next_label&quot;:&quot;Next&quot;,&quot;step_previous_label&quot;:&quot;Previous&quot;,&quot;button_width&quot;:&quot;100&quot;,&quot;step_type&quot;:&quot;number_text&quot;,&quot;step_icon_shape&quot;:&quot;circle&quot;}\" data-widget_type=\"form.default\">\n\t\t\t\t<div class=\"elementor-widget-container\">\n\t\t\t\t\t\t\t<form class=\"elementor-form\" method=\"post\" name=\"New Form\">\n\t\t\t<input type=\"hidden\" name=\"post_id\" value=\"90\"\/>\n\t\t\t<input type=\"hidden\" name=\"form_id\" value=\"ab097fb\"\/>\n\t\t\t<input type=\"hidden\" name=\"referer_title\" value=\"Aer condi\u021bionat BAUF Alpenluft 12000BTU\" \/>\n\n\t\t\t\t\t\t\t<input type=\"hidden\" name=\"queried_id\" value=\"90\"\/>\n\t\t\t\n\t\t\t<div class=\"elementor-form-fields-wrapper elementor-labels-above\">\n\t\t\t\t\t\t\t\t<div class=\"elementor-field-type-text elementor-field-group elementor-column elementor-field-group-name elementor-col-100\">\n\t\t\t\t\t\t\t\t\t\t\t\t<label for=\"form-field-name\" class=\"elementor-field-label\">\n\t\t\t\t\t\t\t\tNume\t\t\t\t\t\t\t<\/label>\n\t\t\t\t\t\t\t\t\t\t\t\t\t\t<input size=\"1\" type=\"text\" name=\"form_fields[name]\" id=\"form-field-name\" class=\"elementor-field elementor-size-sm  elementor-field-textual\" placeholder=\"Nume\">\n\t\t\t\t\t\t\t\t\t\t\t<\/div>\n\t\t\t\t\t\t\t\t<div class=\"elementor-field-type-email elementor-field-group elementor-column elementor-field-group-email elementor-col-100 elementor-field-required\">\n\t\t\t\t\t\t\t\t\t\t\t\t<label for=\"form-field-email\" class=\"elementor-field-label\">\n\t\t\t\t\t\t\t\tEmail\t\t\t\t\t\t\t<\/label>\n\t\t\t\t\t\t\t\t\t\t\t\t\t\t<input size=\"1\" type=\"email\" name=\"form_fields[email]\" id=\"form-field-email\" class=\"elementor-field elementor-size-sm  elementor-field-textual\" placeholder=\"Email\" required=\"required\">\n\t\t\t\t\t\t\t\t\t\t\t<\/div>\n\t\t\t\t\t\t\t\t<div class=\"elementor-field-type-textarea elementor-field-group elementor-column elementor-field-group-message elementor-col-100\">\n\t\t\t\t\t\t\t\t\t\t\t\t<label for=\"form-field-message\" class=\"elementor-field-label\">\n\t\t\t\t\t\t\t\tMesaj\t\t\t\t\t\t\t<\/label>\n\t\t\t\t\t\t<textarea class=\"elementor-field-textual elementor-field  elementor-size-sm\" name=\"form_fields[message]\" id=\"form-field-message\" rows=\"4\" placeholder=\"Mesaj\"><\/textarea>\t\t\t\t<\/div>\n\t\t\t\t\t\t\t\t<div class=\"elementor-field-group elementor-column elementor-field-type-submit elementor-col-100 e-form__buttons\">\n\t\t\t\t\t<button class=\"elementor-button elementor-size-sm\" type=\"submit\">\n\t\t\t\t\t\t<span class=\"elementor-button-content-wrapper\">\n\t\t\t\t\t\t\t\t\t\t\t\t\t\t\t\t\t\t\t\t\t\t<span class=\"elementor-button-text\">Comanda<\/span>\n\t\t\t\t\t\t\t\t\t\t\t\t\t<\/span>\n\t\t\t\t\t<\/button>\n\t\t\t\t<\/div>\n\t\t\t<\/div>\n\t\t<\/form>\n\t\t\t\t\t\t<\/div>\n\t\t\t\t<\/div>\n\t\t\t\t\t<\/div>\n\t\t\t\t<\/div>\n\t\t\t\t<\/div>\n\t\t","protected":false},"excerpt":{"rendered":"<p>Aer condi\u021bionat BAUF Alpenluft BRAC-SP-IA-12-R3, 12000 BTU, Wi-Fi, A++ R\u0103cire eficient\u0103, Wi-Fi inteligent, clas\u0103 energetic\u0103 A++ \u0219i func\u021bionare stabil\u0103 \u00een orice sezon. Model 12000 BTU cu livrare rapid\u0103 din stoc. Distribuitor oficial BAUF \u00een Rom\u00e2nia \u2013 doar pe Zyro.ro Alege confortul pe care te po\u021bi baza, cu noul\u00a0aer condi\u021bionat BAUF Alpenluft BRAC-SP-IA-12-R3, ideal pentru spa\u021bii [&hellip;]<\/p>\n","protected":false},"author":1,"featured_media":0,"parent":0,"menu_order":0,"comment_status":"closed","ping_status":"closed","template":"","meta":{"footnotes":""},"class_list":["post-90","page","type-page","status-publish","hentry"],"_links":{"self":[{"href":"https:\/\/baufromania.ro\/index.php?rest_route=\/wp\/v2\/pages\/90","targetHints":{"allow":["GET"]}}],"collection":[{"href":"https:\/\/baufromania.ro\/index.php?rest_route=\/wp\/v2\/pages"}],"about":[{"href":"https:\/\/baufromania.ro\/index.php?rest_route=\/wp\/v2\/types\/page"}],"author":[{"embeddable":true,"href":"https:\/\/baufromania.ro\/index.php?rest_route=\/wp\/v2\/users\/1"}],"replies":[{"embeddable":true,"href":"https:\/\/baufromania.ro\/index.php?rest_route=%2Fwp%2Fv2%2Fcomments&post=90"}],"version-history":[{"count":10,"href":"https:\/\/baufromania.ro\/index.php?rest_route=\/wp\/v2\/pages\/90\/revisions"}],"predecessor-version":[{"id":161,"href":"https:\/\/baufromania.ro\/index.php?rest_route=\/wp\/v2\/pages\/90\/revisions\/161"}],"wp:attachment":[{"href":"https:\/\/baufromania.ro\/index.php?rest_route=%2Fwp%2Fv2%2Fmedia&parent=90"}],"curies":[{"name":"wp","href":"https:\/\/api.w.org\/{rel}","templated":true}]}}