{"id":48,"date":"2025-07-01T10:10:44","date_gmt":"2025-07-01T10:10:44","guid":{"rendered":"https:\/\/baufromania.ro\/?page_id=48"},"modified":"2025-07-02T03:56:04","modified_gmt":"2025-07-02T03:56:04","slug":"despre-noi","status":"publish","type":"page","link":"https:\/\/baufromania.ro\/?page_id=48","title":{"rendered":"Despre Noi"},"content":{"rendered":"\t\t<div data-elementor-type=\"wp-page\" data-elementor-id=\"48\" class=\"elementor elementor-48\" data-elementor-post-type=\"page\">\n\t\t\t\t\t\t<section class=\"elementor-section elementor-top-section elementor-element elementor-element-6715144e elementor-section-height-min-height elementor-section-boxed elementor-section-height-default elementor-section-items-middle\" data-id=\"6715144e\" data-element_type=\"section\" data-settings=\"{&quot;background_background&quot;:&quot;classic&quot;}\">\n\t\t\t\t\t\t\t<div class=\"elementor-background-overlay\"><\/div>\n\t\t\t\t\t\t\t<div class=\"elementor-container elementor-column-gap-default\">\n\t\t\t\t\t<div class=\"elementor-column elementor-col-100 elementor-top-column elementor-element elementor-element-7fd0793d\" data-id=\"7fd0793d\" data-element_type=\"column\">\n\t\t\t<div class=\"elementor-widget-wrap elementor-element-populated\">\n\t\t\t\t\t\t<div class=\"elementor-element elementor-element-5f424ab4 elementor-invisible elementor-widget elementor-widget-heading\" data-id=\"5f424ab4\" data-element_type=\"widget\" data-settings=\"{&quot;_animation&quot;:&quot;fadeInUp&quot;}\" data-widget_type=\"heading.default\">\n\t\t\t\t<div class=\"elementor-widget-container\">\n\t\t\t\t\t<h1 class=\"elementor-heading-title elementor-size-default\">Despre Noi<\/h1>\t\t\t\t<\/div>\n\t\t\t\t<\/div>\n\t\t\t\t<div class=\"elementor-element elementor-element-72818bf0 elementor-icon-list--layout-inline elementor-align-center elementor-list-item-link-full_width elementor-invisible elementor-widget elementor-widget-icon-list\" data-id=\"72818bf0\" data-element_type=\"widget\" data-settings=\"{&quot;_animation&quot;:&quot;fadeInUp&quot;}\" data-widget_type=\"icon-list.default\">\n\t\t\t\t<div class=\"elementor-widget-container\">\n\t\t\t\t\t\t\t<ul class=\"elementor-icon-list-items elementor-inline-items\">\n\t\t\t\t\t\t\t<li class=\"elementor-icon-list-item elementor-inline-item\">\n\t\t\t\t\t\t\t\t\t\t\t<a href=\"#\">\n\n\t\t\t\t\t\t\t\t\t\t\t<span class=\"elementor-icon-list-text\">Acasa<\/span>\n\t\t\t\t\t\t\t\t\t\t\t<\/a>\n\t\t\t\t\t\t\t\t\t<\/li>\n\t\t\t\t\t\t\t\t<li class=\"elementor-icon-list-item elementor-inline-item\">\n\t\t\t\t\t\t\t\t\t\t\t<span class=\"elementor-icon-list-icon\">\n\t\t\t\t\t\t\t<svg aria-hidden=\"true\" class=\"e-font-icon-svg e-fas-angle-right\" viewBox=\"0 0 256 512\" xmlns=\"http:\/\/www.w3.org\/2000\/svg\"><path d=\"M224.3 273l-136 136c-9.4 9.4-24.6 9.4-33.9 0l-22.6-22.6c-9.4-9.4-9.4-24.6 0-33.9l96.4-96.4-96.4-96.4c-9.4-9.4-9.4-24.6 0-33.9L54.3 103c9.4-9.4 24.6-9.4 33.9 0l136 136c9.5 9.4 9.5 24.6.1 34z\"><\/path><\/svg>\t\t\t\t\t\t<\/span>\n\t\t\t\t\t\t\t\t\t\t<span class=\"elementor-icon-list-text\">Despre Noi<\/span>\n\t\t\t\t\t\t\t\t\t<\/li>\n\t\t\t\t\t\t<\/ul>\n\t\t\t\t\t\t<\/div>\n\t\t\t\t<\/div>\n\t\t\t\t\t<\/div>\n\t\t<\/div>\n\t\t\t\t\t<\/div>\n\t\t<\/section>\n\t\t<div class=\"elementor-element elementor-element-28b76bd e-flex e-con-boxed e-con e-parent\" data-id=\"28b76bd\" data-element_type=\"container\">\n\t\t\t\t\t<div class=\"e-con-inner\">\n\t\t\t\t<div class=\"elementor-element elementor-element-dba263e elementor-widget elementor-widget-image\" data-id=\"dba263e\" data-element_type=\"widget\" data-widget_type=\"image.default\">\n\t\t\t\t<div class=\"elementor-widget-container\">\n\t\t\t\t\t\t\t\t\t\t\t\t\t\t\t<img fetchpriority=\"high\" decoding=\"async\" width=\"768\" height=\"644\" src=\"https:\/\/baufromania.ro\/wp-content\/uploads\/2025\/07\/imagine_2025-07-02_065419607-768x644.png\" class=\"attachment-medium_large size-medium_large wp-image-73\" alt=\"\" srcset=\"https:\/\/baufromania.ro\/wp-content\/uploads\/2025\/07\/imagine_2025-07-02_065419607-768x644.png 768w, https:\/\/baufromania.ro\/wp-content\/uploads\/2025\/07\/imagine_2025-07-02_065419607-300x251.png 300w, https:\/\/baufromania.ro\/wp-content\/uploads\/2025\/07\/imagine_2025-07-02_065419607.png 940w\" sizes=\"(max-width: 768px) 100vw, 768px\" \/>\t\t\t\t\t\t\t\t\t\t\t\t\t\t\t<\/div>\n\t\t\t\t<\/div>\n\t\t\t\t\t<\/div>\n\t\t\t\t<\/div>\n\t\t<div class=\"elementor-element elementor-element-76b239f e-flex e-con-boxed e-con e-parent\" data-id=\"76b239f\" data-element_type=\"container\">\n\t\t\t\t\t<div class=\"e-con-inner\">\n\t\t\t\t<div class=\"elementor-element elementor-element-68e9e5f elementor-widget elementor-widget-text-editor\" data-id=\"68e9e5f\" data-element_type=\"widget\" data-widget_type=\"text-editor.default\">\n\t\t\t\t<div class=\"elementor-widget-container\">\n\t\t\t\t\t\t\t\t\t<p><strong>BAUF Rom\u00e2nia \u2013 Confort inteligent, construit pe \u00eencredere<\/strong><\/p><p>La <strong>BAUF Rom\u00e2nia<\/strong>, suntem specializa\u021bi exclusiv \u00een <strong>importul \u0219i distribu\u021bia de aparate de aer condi\u021bionat<\/strong>, aduse direct de la produc\u0103tor, cu respectarea celor mai \u00eenalte standarde de calitate \u0219i eficien\u021b\u0103.<\/p><p>Suntem <strong>importator oficial<\/strong> \u00een Rom\u00e2nia \u0219i lucr\u0103m zi de zi pentru a aduce \u00een spa\u021biile clien\u021bilor no\u0219tri un confort real, adaptat ritmului vie\u021bii moderne.<\/p><p><strong>Ce ne define\u0219te:<\/strong><\/p><ul><li><strong>Produse originale, direct de la surs\u0103<\/strong><br \/>Colabor\u0103m cu produc\u0103tori de \u00eencredere \u0219i oferim clien\u021bilor aparate verificate, cu eficien\u021b\u0103 energetic\u0103 ridicat\u0103 \u0219i fiabilitate pe termen lung.<\/li><li><strong>Tehnologie inteligent\u0103, u\u0219or de utilizat<\/strong><br \/>Toate sistemele noastre vin echipate cu func\u021bii moderne \u2013 control prin Wi-Fi, moduri automate de func\u021bionare \u0219i solu\u021bii silen\u021bioase, discrete.<\/li><li><strong>Instalare profesionist\u0103 \u0219i suport real<\/strong><br \/>Lucr\u0103m cu o re\u021bea de instalatori certifica\u021bi, iar echipa noastr\u0103 ofer\u0103 asisten\u021b\u0103 de la alegerea modelului potrivit p\u00e2n\u0103 la configurarea final\u0103.<\/li><li><strong>Garan\u021bie extins\u0103 5+2 ani<\/strong><br \/>Pentru noi, calitatea nu este un detaliu \u2013 este o promisiune. De aceea, oferim o garan\u021bie extins\u0103 care asigur\u0103 lini\u0219tea \u0219i \u00eencrederea clien\u021bilor no\u0219tri.<\/li><\/ul><p><strong>Viziunea noastr\u0103:<\/strong><\/p><p>Credem \u00eentr-un climat interior controlat cu u\u0219urin\u021b\u0103, \u00een solu\u021bii eficiente energetic \u0219i \u00een produse care \u00eembin\u0103 estetica cu performan\u021ba. Ne dorim ca fiecare client care alege BAUF s\u0103 simt\u0103 c\u0103 a f\u0103cut o alegere corect\u0103, sigur\u0103 \u0219i durabil\u0103.<\/p><p><strong>BAUF Rom\u00e2nia<\/strong> \u2013 Tehnologie de climatizare adaptat\u0103 stilului t\u0103u de via\u021b\u0103.<\/p>\t\t\t\t\t\t\t\t<\/div>\n\t\t\t\t<\/div>\n\t\t\t\t\t<\/div>\n\t\t\t\t<\/div>\n\t\t<div class=\"elementor-element elementor-element-12d7e78 e-flex e-con-boxed e-con e-parent\" data-id=\"12d7e78\" data-element_type=\"container\">\n\t\t\t\t\t<div class=\"e-con-inner\">\n\t\t\t\t<div class=\"elementor-element elementor-element-7be2b15 elementor-button-align-stretch elementor-widget elementor-widget-form\" data-id=\"7be2b15\" data-element_type=\"widget\" data-settings=\"{&quot;step_next_label&quot;:&quot;Next&quot;,&quot;step_previous_label&quot;:&quot;Previous&quot;,&quot;button_width&quot;:&quot;100&quot;,&quot;step_type&quot;:&quot;number_text&quot;,&quot;step_icon_shape&quot;:&quot;circle&quot;}\" data-widget_type=\"form.default\">\n\t\t\t\t<div class=\"elementor-widget-container\">\n\t\t\t\t\t\t\t<form class=\"elementor-form\" method=\"post\" name=\"New Form\">\n\t\t\t<input type=\"hidden\" name=\"post_id\" value=\"48\"\/>\n\t\t\t<input type=\"hidden\" name=\"form_id\" value=\"7be2b15\"\/>\n\t\t\t<input type=\"hidden\" name=\"referer_title\" value=\"Despre Noi\" \/>\n\n\t\t\t\t\t\t\t<input type=\"hidden\" name=\"queried_id\" value=\"48\"\/>\n\t\t\t\n\t\t\t<div class=\"elementor-form-fields-wrapper elementor-labels-above\">\n\t\t\t\t\t\t\t\t<div class=\"elementor-field-type-text elementor-field-group elementor-column elementor-field-group-name elementor-col-100 elementor-field-required elementor-mark-required\">\n\t\t\t\t\t\t\t\t\t\t\t\t<label for=\"form-field-name\" class=\"elementor-field-label\">\n\t\t\t\t\t\t\t\tNume\t\t\t\t\t\t\t<\/label>\n\t\t\t\t\t\t\t\t\t\t\t\t\t\t<input size=\"1\" type=\"text\" name=\"form_fields[name]\" id=\"form-field-name\" class=\"elementor-field elementor-size-sm  elementor-field-textual\" placeholder=\"Nume\" required=\"required\">\n\t\t\t\t\t\t\t\t\t\t\t<\/div>\n\t\t\t\t\t\t\t\t<div class=\"elementor-field-type-email elementor-field-group elementor-column elementor-field-group-email elementor-col-100 elementor-field-required elementor-mark-required\">\n\t\t\t\t\t\t\t\t\t\t\t\t<label for=\"form-field-email\" class=\"elementor-field-label\">\n\t\t\t\t\t\t\t\tEmail\t\t\t\t\t\t\t<\/label>\n\t\t\t\t\t\t\t\t\t\t\t\t\t\t<input size=\"1\" type=\"email\" name=\"form_fields[email]\" id=\"form-field-email\" class=\"elementor-field elementor-size-sm  elementor-field-textual\" placeholder=\"Email\" required=\"required\">\n\t\t\t\t\t\t\t\t\t\t\t<\/div>\n\t\t\t\t\t\t\t\t<div class=\"elementor-field-type-textarea elementor-field-group elementor-column elementor-field-group-message elementor-col-100 elementor-field-required elementor-mark-required\">\n\t\t\t\t\t\t\t\t\t\t\t\t<label for=\"form-field-message\" class=\"elementor-field-label\">\n\t\t\t\t\t\t\t\tMesaj\t\t\t\t\t\t\t<\/label>\n\t\t\t\t\t\t<textarea class=\"elementor-field-textual elementor-field  elementor-size-sm\" name=\"form_fields[message]\" id=\"form-field-message\" rows=\"4\" placeholder=\"Mesaj\" required=\"required\"><\/textarea>\t\t\t\t<\/div>\n\t\t\t\t\t\t\t\t<div class=\"elementor-field-group elementor-column elementor-field-type-submit elementor-col-100 e-form__buttons\">\n\t\t\t\t\t<button class=\"elementor-button elementor-size-sm\" type=\"submit\">\n\t\t\t\t\t\t<span class=\"elementor-button-content-wrapper\">\n\t\t\t\t\t\t\t\t\t\t\t\t\t\t\t\t\t\t\t\t\t\t<span class=\"elementor-button-text\">Send<\/span>\n\t\t\t\t\t\t\t\t\t\t\t\t\t<\/span>\n\t\t\t\t\t<\/button>\n\t\t\t\t<\/div>\n\t\t\t<\/div>\n\t\t<\/form>\n\t\t\t\t\t\t<\/div>\n\t\t\t\t<\/div>\n\t\t\t\t\t<\/div>\n\t\t\t\t<\/div>\n\t\t\t\t<\/div>\n\t\t","protected":false},"excerpt":{"rendered":"<p>Despre Noi Acasa Despre Noi BAUF Rom\u00e2nia \u2013 Confort inteligent, construit pe \u00eencredere La BAUF Rom\u00e2nia, suntem specializa\u021bi exclusiv \u00een importul \u0219i distribu\u021bia de aparate de aer condi\u021bionat, aduse direct de la produc\u0103tor, cu respectarea celor mai \u00eenalte standarde de calitate \u0219i eficien\u021b\u0103. Suntem importator oficial \u00een Rom\u00e2nia \u0219i lucr\u0103m zi de zi pentru a [&hellip;]<\/p>\n","protected":false},"author":1,"featured_media":0,"parent":0,"menu_order":0,"comment_status":"closed","ping_status":"closed","template":"","meta":{"footnotes":""},"class_list":["post-48","page","type-page","status-publish","hentry"],"_links":{"self":[{"href":"https:\/\/baufromania.ro\/index.php?rest_route=\/wp\/v2\/pages\/48","targetHints":{"allow":["GET"]}}],"collection":[{"href":"https:\/\/baufromania.ro\/index.php?rest_route=\/wp\/v2\/pages"}],"about":[{"href":"https:\/\/baufromania.ro\/index.php?rest_route=\/wp\/v2\/types\/page"}],"author":[{"embeddable":true,"href":"https:\/\/baufromania.ro\/index.php?rest_route=\/wp\/v2\/users\/1"}],"replies":[{"embeddable":true,"href":"https:\/\/baufromania.ro\/index.php?rest_route=%2Fwp%2Fv2%2Fcomments&post=48"}],"version-history":[{"count":7,"href":"https:\/\/baufromania.ro\/index.php?rest_route=\/wp\/v2\/pages\/48\/revisions"}],"predecessor-version":[{"id":76,"href":"https:\/\/baufromania.ro\/index.php?rest_route=\/wp\/v2\/pages\/48\/revisions\/76"}],"wp:attachment":[{"href":"https:\/\/baufromania.ro\/index.php?rest_route=%2Fwp%2Fv2%2Fmedia&parent=48"}],"curies":[{"name":"wp","href":"https:\/\/api.w.org\/{rel}","templated":true}]}}