{"id":38,"date":"2025-07-01T09:57:13","date_gmt":"2025-07-01T09:57:13","guid":{"rendered":"https:\/\/baufromania.ro\/?page_id=38"},"modified":"2025-07-07T07:33:08","modified_gmt":"2025-07-07T07:33:08","slug":"acasa","status":"publish","type":"page","link":"https:\/\/baufromania.ro\/","title":{"rendered":"Acasa"},"content":{"rendered":"\t\t<div data-elementor-type=\"wp-page\" data-elementor-id=\"38\" class=\"elementor elementor-38\" data-elementor-post-type=\"page\">\n\t\t\t\t<div class=\"elementor-element elementor-element-f5aac52 e-flex e-con-boxed e-con e-parent\" data-id=\"f5aac52\" data-element_type=\"container\">\n\t\t\t\t\t<div class=\"e-con-inner\">\n\t\t\t\t<div class=\"elementor-element elementor-element-0f147d5 elementor-widget elementor-widget-image\" data-id=\"0f147d5\" data-element_type=\"widget\" data-widget_type=\"image.default\">\n\t\t\t\t<div class=\"elementor-widget-container\">\n\t\t\t\t\t\t\t\t\t\t\t\t\t\t\t<img fetchpriority=\"high\" decoding=\"async\" width=\"544\" height=\"534\" src=\"https:\/\/baufromania.ro\/wp-content\/uploads\/2025\/07\/imagine_2025-07-07_101927288.png\" class=\"attachment-large size-large wp-image-186\" alt=\"\" srcset=\"https:\/\/baufromania.ro\/wp-content\/uploads\/2025\/07\/imagine_2025-07-07_101927288.png 544w, https:\/\/baufromania.ro\/wp-content\/uploads\/2025\/07\/imagine_2025-07-07_101927288-300x294.png 300w\" sizes=\"(max-width: 544px) 100vw, 544px\" \/>\t\t\t\t\t\t\t\t\t\t\t\t\t\t\t<\/div>\n\t\t\t\t<\/div>\n\t\t\t\t\t<\/div>\n\t\t\t\t<\/div>\n\t\t<div class=\"elementor-element elementor-element-ed35ac4 e-flex e-con-boxed e-con e-parent\" data-id=\"ed35ac4\" data-element_type=\"container\">\n\t\t\t\t\t<div class=\"e-con-inner\">\n\t\t\t\t<div class=\"elementor-element elementor-element-4c93468 elementor-widget__width-inherit elementor-widget elementor-widget-text-editor\" data-id=\"4c93468\" data-element_type=\"widget\" data-widget_type=\"text-editor.default\">\n\t\t\t\t<div class=\"elementor-widget-container\">\n\t\t\t\t\t\t\t\t\t<p style=\"text-align: center;\"><strong>BAUF\u00a0<span style=\"color: #008080;\">Tehnologie\u00a0German\u0103\u00a0<\/span>Garan\u021bie 7 ani<\/strong><\/p>\t\t\t\t\t\t\t\t<\/div>\n\t\t\t\t<\/div>\n\t\t\t\t\t<\/div>\n\t\t\t\t<\/div>\n\t\t<div class=\"elementor-element elementor-element-bcea2ff e-flex e-con-boxed e-con e-parent\" data-id=\"bcea2ff\" data-element_type=\"container\">\n\t\t\t\t\t<div class=\"e-con-inner\">\n\t\t\t\t<div class=\"elementor-element elementor-element-a90e38a elementor-widget elementor-widget-text-editor\" data-id=\"a90e38a\" data-element_type=\"widget\" data-widget_type=\"text-editor.default\">\n\t\t\t\t<div class=\"elementor-widget-container\">\n\t\t\t\t\t\t\t\t\t<p>BAUF Romania \u00ee\u021bi aduce excelen\u021ba tehnologiei germane \u00een climatizare. Bucur\u0103-te de un design modern, control inteligent \u0219i eficien\u021b\u0103 energetic\u0103, oferite de aparate de aer condi\u021bionat performante \u0219i silen\u021bioase.<br \/>Garant\u0103m fiabilitatea: compresorul beneficiaz\u0103 de\u00a0<strong>garan\u021bie extins\u0103 de 7 ani<\/strong>, ca tu s\u0103 ai lini\u0219te deplin\u0103<\/p>\t\t\t\t\t\t\t\t<\/div>\n\t\t\t\t<\/div>\n\t\t\t\t\t<\/div>\n\t\t\t\t<\/div>\n\t\t<div class=\"elementor-element elementor-element-b4a96eb e-flex e-con-boxed e-con e-parent\" data-id=\"b4a96eb\" data-element_type=\"container\">\n\t\t\t\t\t<div class=\"e-con-inner\">\n\t\t\t\t<div class=\"elementor-element elementor-element-f2b37d8 elementor-widget elementor-widget-text-editor\" data-id=\"f2b37d8\" data-element_type=\"widget\" data-widget_type=\"text-editor.default\">\n\t\t\t\t<div class=\"elementor-widget-container\">\n\t\t\t\t\t\t\t\t\t<h5 style=\"text-align: center;\"><span style=\"color: #000000;\"><strong>Cerere consultanta BAUF<\/strong><\/span><\/h5>\t\t\t\t\t\t\t\t<\/div>\n\t\t\t\t<\/div>\n\t\t\t\t\t<\/div>\n\t\t\t\t<\/div>\n\t\t<div class=\"elementor-element elementor-element-38ab6e9 e-flex e-con-boxed e-con e-parent\" data-id=\"38ab6e9\" data-element_type=\"container\">\n\t\t\t\t\t<div class=\"e-con-inner\">\n\t\t\t\t<div class=\"elementor-element elementor-element-eb8ac44 elementor-button-align-stretch elementor-widget elementor-widget-form\" data-id=\"eb8ac44\" data-element_type=\"widget\" data-settings=\"{&quot;step_next_label&quot;:&quot;Next&quot;,&quot;step_previous_label&quot;:&quot;Previous&quot;,&quot;button_width&quot;:&quot;100&quot;,&quot;step_type&quot;:&quot;number_text&quot;,&quot;step_icon_shape&quot;:&quot;circle&quot;}\" data-widget_type=\"form.default\">\n\t\t\t\t<div class=\"elementor-widget-container\">\n\t\t\t\t\t\t\t<form class=\"elementor-form\" method=\"post\" name=\"New Form\">\n\t\t\t<input type=\"hidden\" name=\"post_id\" value=\"38\"\/>\n\t\t\t<input type=\"hidden\" name=\"form_id\" value=\"eb8ac44\"\/>\n\t\t\t<input type=\"hidden\" name=\"referer_title\" value=\"\" \/>\n\n\t\t\t\t\t\t\t<input type=\"hidden\" name=\"queried_id\" value=\"38\"\/>\n\t\t\t\n\t\t\t<div class=\"elementor-form-fields-wrapper elementor-labels-above\">\n\t\t\t\t\t\t\t\t<div class=\"elementor-field-type-text elementor-field-group elementor-column elementor-field-group-name elementor-col-100\">\n\t\t\t\t\t\t\t\t\t\t\t\t<label for=\"form-field-name\" class=\"elementor-field-label\">\n\t\t\t\t\t\t\t\tNume\t\t\t\t\t\t\t<\/label>\n\t\t\t\t\t\t\t\t\t\t\t\t\t\t<input size=\"1\" type=\"text\" name=\"form_fields[name]\" id=\"form-field-name\" class=\"elementor-field elementor-size-sm  elementor-field-textual\" placeholder=\"Nume\">\n\t\t\t\t\t\t\t\t\t\t\t<\/div>\n\t\t\t\t\t\t\t\t<div class=\"elementor-field-type-email elementor-field-group elementor-column elementor-field-group-email elementor-col-100 elementor-field-required elementor-mark-required\">\n\t\t\t\t\t\t\t\t\t\t\t\t<label for=\"form-field-email\" class=\"elementor-field-label\">\n\t\t\t\t\t\t\t\tEmail\t\t\t\t\t\t\t<\/label>\n\t\t\t\t\t\t\t\t\t\t\t\t\t\t<input size=\"1\" type=\"email\" name=\"form_fields[email]\" id=\"form-field-email\" class=\"elementor-field elementor-size-sm  elementor-field-textual\" placeholder=\"Email\" required=\"required\">\n\t\t\t\t\t\t\t\t\t\t\t<\/div>\n\t\t\t\t\t\t\t\t<div class=\"elementor-field-type-textarea elementor-field-group elementor-column elementor-field-group-message elementor-col-100\">\n\t\t\t\t\t\t\t\t\t\t\t\t<label for=\"form-field-message\" class=\"elementor-field-label\">\n\t\t\t\t\t\t\t\tMesaj\t\t\t\t\t\t\t<\/label>\n\t\t\t\t\t\t<textarea class=\"elementor-field-textual elementor-field  elementor-size-sm\" name=\"form_fields[message]\" id=\"form-field-message\" rows=\"4\" placeholder=\"Mesaj\"><\/textarea>\t\t\t\t<\/div>\n\t\t\t\t\t\t\t\t<div class=\"elementor-field-group elementor-column elementor-field-type-submit elementor-col-100 e-form__buttons\">\n\t\t\t\t\t<button class=\"elementor-button elementor-size-sm\" type=\"submit\">\n\t\t\t\t\t\t<span class=\"elementor-button-content-wrapper\">\n\t\t\t\t\t\t\t\t\t\t\t\t\t\t\t\t\t\t\t\t\t\t<span class=\"elementor-button-text\">Trimite Solicitarea<\/span>\n\t\t\t\t\t\t\t\t\t\t\t\t\t<\/span>\n\t\t\t\t\t<\/button>\n\t\t\t\t<\/div>\n\t\t\t<\/div>\n\t\t<\/form>\n\t\t\t\t\t\t<\/div>\n\t\t\t\t<\/div>\n\t\t\t\t\t<\/div>\n\t\t\t\t<\/div>\n\t\t<div class=\"elementor-element elementor-element-ffdaa24 e-flex e-con-boxed e-con e-parent\" data-id=\"ffdaa24\" data-element_type=\"container\">\n\t\t\t\t\t<div class=\"e-con-inner\">\n\t\t<div class=\"elementor-element elementor-element-e66f498 e-con-full e-flex e-con e-child\" data-id=\"e66f498\" data-element_type=\"container\">\n\t\t\t\t<div class=\"elementor-element elementor-element-f1c2749 elementor-widget elementor-widget-text-editor\" data-id=\"f1c2749\" data-element_type=\"widget\" data-widget_type=\"text-editor.default\">\n\t\t\t\t<div class=\"elementor-widget-container\">\n\t\t\t\t\t\t\t\t\t<h3 style=\"margin-top: 0cm; line-height: 42.0pt; background: white; vertical-align: baseline;\"><span style=\"font-size: 36.0pt; font-family: Montserrat; color: black;\">BAUF: Confort Inteligent, F\u0103r\u0103 Complica\u021bii<\/span><\/h3>\t\t\t\t\t\t\t\t<\/div>\n\t\t\t\t<\/div>\n\t\t\t\t<\/div>\n\t\t<div class=\"elementor-element elementor-element-42ace6b e-con-full e-flex e-con e-child\" data-id=\"42ace6b\" data-element_type=\"container\">\n\t\t\t\t<div class=\"elementor-element elementor-element-e8aea84 elementor-widget elementor-widget-text-editor\" data-id=\"e8aea84\" data-element_type=\"widget\" data-widget_type=\"text-editor.default\">\n\t\t\t\t<div class=\"elementor-widget-container\">\n\t\t\t\t\t\t\t\t\t<p style=\"line-height: 19.5pt; background: white; vertical-align: baseline; margin: 0cm 0cm 13.5pt 0cm;\"><span style=\"font-size: 13.5pt; font-family: 'inherit',serif; color: black;\">Descoperi\u021bi o experien\u021b\u0103 modern\u0103 de climatizare al\u0103turi de BAUF \u2014 sistemele care se adapteaz\u0103 natural stilului dvs. de via\u021b\u0103. Fie c\u0103 dori\u021bi r\u0103coare, c\u0103ldur\u0103 sau un echilibru perfect, tehnologia noastr\u0103 men\u021bine temperatura dorit\u0103 cu eficien\u021b\u0103, elegan\u021b\u0103 \u0219i u\u0219urin\u021b\u0103 \u00een utilizare.<\/span><\/p>\t\t\t\t\t\t\t\t<\/div>\n\t\t\t\t<\/div>\n\t\t\t\t<\/div>\n\t\t\t\t\t<\/div>\n\t\t\t\t<\/div>\n\t\t<div class=\"elementor-element elementor-element-c578bfe e-flex e-con-boxed e-con e-parent\" data-id=\"c578bfe\" data-element_type=\"container\">\n\t\t\t\t\t<div class=\"e-con-inner\">\n\t\t\t\t<div class=\"elementor-element elementor-element-d00d18f elementor-widget elementor-widget-image\" data-id=\"d00d18f\" data-element_type=\"widget\" data-widget_type=\"image.default\">\n\t\t\t\t<div class=\"elementor-widget-container\">\n\t\t\t\t\t\t\t\t\t\t\t\t\t\t\t<img decoding=\"async\" width=\"602\" height=\"596\" src=\"https:\/\/baufromania.ro\/wp-content\/uploads\/2025\/07\/imagine_2025-07-07_102447943.png\" class=\"attachment-large size-large wp-image-187\" alt=\"\" srcset=\"https:\/\/baufromania.ro\/wp-content\/uploads\/2025\/07\/imagine_2025-07-07_102447943.png 602w, https:\/\/baufromania.ro\/wp-content\/uploads\/2025\/07\/imagine_2025-07-07_102447943-300x297.png 300w, https:\/\/baufromania.ro\/wp-content\/uploads\/2025\/07\/imagine_2025-07-07_102447943-150x150.png 150w\" sizes=\"(max-width: 602px) 100vw, 602px\" \/>\t\t\t\t\t\t\t\t\t\t\t\t\t\t\t<\/div>\n\t\t\t\t<\/div>\n\t\t\t\t\t<\/div>\n\t\t\t\t<\/div>\n\t\t<div class=\"elementor-element elementor-element-049fe95 e-flex e-con-boxed e-con e-parent\" data-id=\"049fe95\" data-element_type=\"container\">\n\t\t\t\t\t<div class=\"e-con-inner\">\n\t\t<div class=\"elementor-element elementor-element-dcdb4b0 e-con-full e-flex e-con e-child\" data-id=\"dcdb4b0\" data-element_type=\"container\">\n\t\t\t\t<div class=\"elementor-element elementor-element-c030f6c elementor-widget elementor-widget-text-editor\" data-id=\"c030f6c\" data-element_type=\"widget\" data-widget_type=\"text-editor.default\">\n\t\t\t\t<div class=\"elementor-widget-container\">\n\t\t\t\t\t\t\t\t\t<h5><span style=\"color: #000000;\">Produse recomandate pentru confortul t\u0103u<\/span><\/h5>\t\t\t\t\t\t\t\t<\/div>\n\t\t\t\t<\/div>\n\t\t\t\t<\/div>\n\t\t<div class=\"elementor-element elementor-element-1fb01b8 e-con-full e-flex e-con e-child\" data-id=\"1fb01b8\" data-element_type=\"container\">\n\t\t\t\t<div class=\"elementor-element elementor-element-30f34a6 elementor-widget elementor-widget-text-editor\" data-id=\"30f34a6\" data-element_type=\"widget\" data-widget_type=\"text-editor.default\">\n\t\t\t\t<div class=\"elementor-widget-container\">\n\t\t\t\t\t\t\t\t\t<p>Aerul condi\u021bionat BAUF \u00eembin\u0103 performan\u021ba cu estetica modern\u0103. Asigur\u0103 o r\u0103cire eficient\u0103 chiar \u0219i \u00een cele mai \u00eendep\u0103rtate col\u021buri ale camerei, cu un flux de aer ce ajunge p\u00e2n\u0103 la 15 metri. Ventilatorul cu control inteligent \u0219i sistemul anti-curent rece garanteaz\u0103 o \u00eenc\u0103lzire pl\u0103cut\u0103, f\u0103r\u0103 disconfort.<br \/>Filtrul cu rat\u0103 de sterilizare \u0219i protec\u021bie antifungic\u0103 de peste 99% contribuie la un aer mai curat, iar \u00eentre\u021binerea este simplificat\u0103 datorit\u0103 deflectorului accesibil \u0219i demont\u0103rii rapide a filtrului.<\/p>\t\t\t\t\t\t\t\t<\/div>\n\t\t\t\t<\/div>\n\t\t\t\t<\/div>\n\t\t\t\t\t<\/div>\n\t\t\t\t<\/div>\n\t\t<div class=\"elementor-element elementor-element-8959e8a e-flex e-con-boxed e-con e-parent\" data-id=\"8959e8a\" data-element_type=\"container\">\n\t\t\t\t\t<div class=\"e-con-inner\">\n\t\t<div class=\"elementor-element elementor-element-a7b79c3 e-con-full e-flex e-con e-child\" data-id=\"a7b79c3\" data-element_type=\"container\">\n\t\t\t\t<div class=\"elementor-element elementor-element-aef15d7 elementor-widget elementor-widget-text-editor\" data-id=\"aef15d7\" data-element_type=\"widget\" data-widget_type=\"text-editor.default\">\n\t\t\t\t<div class=\"elementor-widget-container\">\n\t\t\t\t\t\t\t\t\t<h5 style=\"text-align: center;\"><span style=\"color: #000000;\">Colaboreaz\u0103 cu BAUF Rom\u00e2nia<\/span><\/h5><h6><span style=\"color: #000000;\"><strong>E\u0219ti instalator, distribuitor sau activezi \u00een domeniul HVAC?<\/strong><\/span><br \/><br \/><\/h6><p>BAUF Rom\u00e2nia \u00ee\u021bi ofer\u0103 oportunitatea de a deveni <strong>partener oficial<\/strong> pentru comercializarea, montajul sau promovarea aparatelor de aer condi\u021bionat.<\/p>\t\t\t\t\t\t\t\t<\/div>\n\t\t\t\t<\/div>\n\t\t\t\t<\/div>\n\t\t<div class=\"elementor-element elementor-element-81ff175 e-con-full e-flex e-con e-child\" data-id=\"81ff175\" data-element_type=\"container\">\n\t\t\t\t<div class=\"elementor-element elementor-element-407f310 elementor-widget elementor-widget-image\" data-id=\"407f310\" data-element_type=\"widget\" data-widget_type=\"image.default\">\n\t\t\t\t<div class=\"elementor-widget-container\">\n\t\t\t\t\t\t\t\t\t\t\t\t\t\t\t<img decoding=\"async\" width=\"279\" height=\"212\" src=\"https:\/\/baufromania.ro\/wp-content\/uploads\/2025\/07\/imagine_2025-07-07_103206670.png\" class=\"attachment-large size-large wp-image-190\" alt=\"\" \/>\t\t\t\t\t\t\t\t\t\t\t\t\t\t\t<\/div>\n\t\t\t\t<\/div>\n\t\t\t\t<\/div>\n\t\t\t\t\t<\/div>\n\t\t\t\t<\/div>\n\t\t\t\t<\/div>\n\t\t","protected":false},"excerpt":{"rendered":"<p>BAUF\u00a0Tehnologie\u00a0German\u0103\u00a0Garan\u021bie 7 ani BAUF Romania \u00ee\u021bi aduce excelen\u021ba tehnologiei germane \u00een climatizare. Bucur\u0103-te de un design modern, control inteligent \u0219i eficien\u021b\u0103 energetic\u0103, oferite de aparate de aer condi\u021bionat performante \u0219i silen\u021bioase.Garant\u0103m fiabilitatea: compresorul beneficiaz\u0103 de\u00a0garan\u021bie extins\u0103 de 7 ani, ca tu s\u0103 ai lini\u0219te deplin\u0103 Cerere consultanta BAUF BAUF: Confort Inteligent, F\u0103r\u0103 Complica\u021bii Descoperi\u021bi o [&hellip;]<\/p>\n","protected":false},"author":1,"featured_media":0,"parent":0,"menu_order":0,"comment_status":"closed","ping_status":"closed","template":"","meta":{"footnotes":""},"class_list":["post-38","page","type-page","status-publish","hentry"],"_links":{"self":[{"href":"https:\/\/baufromania.ro\/index.php?rest_route=\/wp\/v2\/pages\/38","targetHints":{"allow":["GET"]}}],"collection":[{"href":"https:\/\/baufromania.ro\/index.php?rest_route=\/wp\/v2\/pages"}],"about":[{"href":"https:\/\/baufromania.ro\/index.php?rest_route=\/wp\/v2\/types\/page"}],"author":[{"embeddable":true,"href":"https:\/\/baufromania.ro\/index.php?rest_route=\/wp\/v2\/users\/1"}],"replies":[{"embeddable":true,"href":"https:\/\/baufromania.ro\/index.php?rest_route=%2Fwp%2Fv2%2Fcomments&post=38"}],"version-history":[{"count":40,"href":"https:\/\/baufromania.ro\/index.php?rest_route=\/wp\/v2\/pages\/38\/revisions"}],"predecessor-version":[{"id":196,"href":"https:\/\/baufromania.ro\/index.php?rest_route=\/wp\/v2\/pages\/38\/revisions\/196"}],"wp:attachment":[{"href":"https:\/\/baufromania.ro\/index.php?rest_route=%2Fwp%2Fv2%2Fmedia&parent=38"}],"curies":[{"name":"wp","href":"https:\/\/api.w.org\/{rel}","templated":true}]}}